{"id":25,"date":"2022-11-26T19:16:16","date_gmt":"2022-11-26T19:16:16","guid":{"rendered":"https:\/\/miethide.dk\/?page_id=25"},"modified":"2022-11-26T20:31:27","modified_gmt":"2022-11-26T20:31:27","slug":"kontakt","status":"publish","type":"page","link":"http:\/\/miethide.dk\/?page_id=25","title":{"rendered":"Kontakt"},"content":{"rendered":"\n<p style=\"font-size:21px\"><strong>Traditionel Kinesisk Zoneterapeut &amp; Akupunkt\u00f8r m.m. <\/strong><\/p>\n\n\n\n<p style=\"font-size:21px\"><strong>Mie Thide.<\/strong><\/p>\n\n\n\n<p style=\"font-size:21px\"><strong>Lers\u00f8 Parkalle 155 2. tv., 2100 K\u00f8benhavn \u00d8<\/strong><\/p>\n\n\n\n<p style=\"font-size:21px\"><strong>Mail: miethide@gmail.com <\/strong><\/p>\n\n\n\n<p style=\"font-size:21px\"><strong>Mobil tlf. 31900621 (Bruges ogs\u00e5 til MobilPay)<\/strong><\/p>\n\n\n\n<p><a href=\"http:\/\/www.google.com\/maps\/place\/Helingsklinikken.+Ved+beh.+Mie+Thide\/@55.719194,12.542824,15z\/data=!4m5!3m4!1s0x0:0x8ae9e6fdd01882c8!8m2!3d55.719194!4d12.542824\">Google maps<\/a><\/p>\n\n\n\n<h2 class=\"wp-block-heading\" style=\"font-size:21px\"><strong>PARKERING ER GRATIS. Der er fri parkering p\u00e5 vejene omkring huset.<\/strong><\/h2>\n\n\n\n<h2 class=\"wp-block-heading\" style=\"font-size:21px\"><strong>BUSLINJER;<\/strong><\/h2>\n\n\n\n<h2 class=\"wp-block-heading\" style=\"font-size:21px\"><strong>Ca. 5 min. gang; Bus 18 p\u00e5 Lers\u00f8 Parkalle og bus 21 p\u00e5 Tuborgvej og bus 185 p\u00e5 Emdrupvej\/Tuborgvej.<\/strong><\/h2>\n\n\n\n<h2 class=\"wp-block-heading\" style=\"font-size:21px\"><strong>TOG;&nbsp;<\/strong><\/h2>\n\n\n\n<h2 class=\"wp-block-heading\" style=\"font-size:21px\"><strong>Ca. 7 min. gang fra; Emdrup Station.<\/strong><\/h2>\n","protected":false},"excerpt":{"rendered":"<p>Traditionel Kinesisk Zoneterapeut &amp; Akupunkt\u00f8r m.m. Mie Thide. Lers\u00f8 Parkalle 155 2. tv., 2100 K\u00f8benhavn \u00d8 Mail: miethide@gmail.com Mobil tlf. 31900621 (Bruges ogs\u00e5 til MobilPay) Google maps PARKERING ER GRATIS. Der er fri parkering p\u00e5 vejene omkring huset. BUSLINJER; Ca. 5 min. gang; Bus 18 p\u00e5 Lers\u00f8 Parkalle og bus 21 p\u00e5 Tuborgvej og bus [&hellip;]<\/p>\n","protected":false},"author":1,"featured_media":0,"parent":0,"menu_order":0,"comment_status":"closed","ping_status":"closed","template":"","meta":{"footnotes":""},"_links":{"self":[{"href":"http:\/\/miethide.dk\/index.php?rest_route=\/wp\/v2\/pages\/25"}],"collection":[{"href":"http:\/\/miethide.dk\/index.php?rest_route=\/wp\/v2\/pages"}],"about":[{"href":"http:\/\/miethide.dk\/index.php?rest_route=\/wp\/v2\/types\/page"}],"author":[{"embeddable":true,"href":"http:\/\/miethide.dk\/index.php?rest_route=\/wp\/v2\/users\/1"}],"replies":[{"embeddable":true,"href":"http:\/\/miethide.dk\/index.php?rest_route=%2Fwp%2Fv2%2Fcomments&post=25"}],"version-history":[{"count":5,"href":"http:\/\/miethide.dk\/index.php?rest_route=\/wp\/v2\/pages\/25\/revisions"}],"predecessor-version":[{"id":71,"href":"http:\/\/miethide.dk\/index.php?rest_route=\/wp\/v2\/pages\/25\/revisions\/71"}],"wp:attachment":[{"href":"http:\/\/miethide.dk\/index.php?rest_route=%2Fwp%2Fv2%2Fmedia&parent=25"}],"curies":[{"name":"wp","href":"https:\/\/api.w.org\/{rel}","templated":true}]}}