{"id":39,"date":"2022-11-26T19:23:37","date_gmt":"2022-11-26T19:23:37","guid":{"rendered":"https:\/\/miethide.dk\/?page_id=39"},"modified":"2025-06-05T18:58:04","modified_gmt":"2025-06-05T18:58:04","slug":"priser","status":"publish","type":"page","link":"http:\/\/miethide.dk\/?page_id=39","title":{"rendered":"Priser"},"content":{"rendered":"\n<p>JEG HAR BEHANDLINGSRUM I MIN BOLIG,<\/p>\n\n\n\n<h2 class=\"wp-block-heading\"><strong>DET HOLDER MINE OMKOSTNINGER NEDE OG DERMED DIN PRIS.<\/strong><\/h2>\n\n\n\n<p>En behandling tager 1-1\u00bd time og du betaler altid kun for&nbsp;<strong>en<\/strong>&nbsp;behandling, underordnet behandlingsform og tidsforbrug.<\/p>\n\n\n\n<p>Introduktion (f\u00f8rste beh.) Pris 490,- Kr., efterf\u00f8lgende pris 530,- Kr.,<\/p>\n\n\n\n<p><strong>Rabatkort \u00e1 4 gange 1960,- Kr.<\/strong><\/p>\n\n\n\n<p>Betalingskort modtages IKKE, men det g\u00f8r;&nbsp;Kontanter, bankoverf\u00f8relser og MobilePay.<\/p>\n\n\n\n<h2 class=\"wp-block-heading\"><strong>\u00c5BNINGSTIDER;<\/strong><\/h2>\n\n\n\n<p>Behandlings sted og tid aftales. Ogs\u00e5 aften- og weekend tider.<\/p>\n\n\n\n<p>Er du fx p\u00e5 hospitalet eller kniber det med at komme ud, kan jeg komme til dig.<\/p>\n\n\n\n<p>Bor du i g\u00e5 afstand, betales ikke ekstra. Ved k\u00f8rsel aftales prisen.<\/p>\n","protected":false},"excerpt":{"rendered":"<p>JEG HAR BEHANDLINGSRUM I MIN BOLIG, DET HOLDER MINE OMKOSTNINGER NEDE OG DERMED DIN PRIS. En behandling tager 1-1\u00bd time og du betaler altid kun for&nbsp;en&nbsp;behandling, underordnet behandlingsform og tidsforbrug. Introduktion (f\u00f8rste beh.) Pris 490,- Kr., efterf\u00f8lgende pris 530,- Kr., Rabatkort \u00e1 4 gange 1960,- Kr. Betalingskort modtages IKKE, men det g\u00f8r;&nbsp;Kontanter, bankoverf\u00f8relser og MobilePay. [&hellip;]<\/p>\n","protected":false},"author":1,"featured_media":0,"parent":0,"menu_order":0,"comment_status":"closed","ping_status":"closed","template":"","meta":{"footnotes":""},"_links":{"self":[{"href":"http:\/\/miethide.dk\/index.php?rest_route=\/wp\/v2\/pages\/39"}],"collection":[{"href":"http:\/\/miethide.dk\/index.php?rest_route=\/wp\/v2\/pages"}],"about":[{"href":"http:\/\/miethide.dk\/index.php?rest_route=\/wp\/v2\/types\/page"}],"author":[{"embeddable":true,"href":"http:\/\/miethide.dk\/index.php?rest_route=\/wp\/v2\/users\/1"}],"replies":[{"embeddable":true,"href":"http:\/\/miethide.dk\/index.php?rest_route=%2Fwp%2Fv2%2Fcomments&post=39"}],"version-history":[{"count":5,"href":"http:\/\/miethide.dk\/index.php?rest_route=\/wp\/v2\/pages\/39\/revisions"}],"predecessor-version":[{"id":79,"href":"http:\/\/miethide.dk\/index.php?rest_route=\/wp\/v2\/pages\/39\/revisions\/79"}],"wp:attachment":[{"href":"http:\/\/miethide.dk\/index.php?rest_route=%2Fwp%2Fv2%2Fmedia&parent=39"}],"curies":[{"name":"wp","href":"https:\/\/api.w.org\/{rel}","templated":true}]}}