{"id":45,"date":"2022-11-26T19:32:11","date_gmt":"2022-11-26T19:32:11","guid":{"rendered":"https:\/\/miethide.dk\/?page_id=45"},"modified":"2022-11-26T19:32:11","modified_gmt":"2022-11-26T19:32:11","slug":"reaktioner","status":"publish","type":"page","link":"http:\/\/miethide.dk\/?page_id=45","title":{"rendered":"Reaktioner"},"content":{"rendered":"\n<p>Efter en behandling er det naturligt, at kroppen begynder at reagere anderledes end du er vant til. Disse reaktioner er signaler om, at kroppen er begyndt at arbejde p\u00e5 at genoprette sine normale funktioner.<\/p>\n\n\n\n<ul>\n<li>Det viser blot, at behandlingen har sat noget i gang.<\/li>\n\n\n\n<li>Oftest&nbsp;vil behandlingen umiddelbart resultere i en lindring og veltilpashed.<\/li>\n\n\n\n<li>Men f\u00f8lgende reaktioner er ikke unormale for nogle, lige efter en behandling;<\/li>\n\n\n\n<li>Tr\u00e6thed<\/li>\n\n\n\n<li>Prikkende fornemmelser i kroppen<\/li>\n\n\n\n<li>Kortvarig utilpashed<\/li>\n\n\n\n<li>Kortvarig svimmelhed eller kvalme<\/li>\n\n\n\n<li>Hyppig vandladning<\/li>\n\n\n\n<li>St\u00e6rkt lugtende urin\/aff\u00f8ring<\/li>\n\n\n\n<li>For dern\u00e6st at blive efterfulgt af lindring og veltilpashed.<\/li>\n<\/ul>\n\n\n\n<p>Midlertidig opblussen af sygdommen og evt. gamle &#8220;skavanker&#8221;. S\u00f8rg for at hvile meget, og drik rigeligt med vand (gerne kogt), s\u00e5 de stoffer der frig\u00f8res i kroppen kan blive skyllet ud. L\u00e6geordineret behandling m\u00e5 IKKE \u00e6ndres eller stoppes uden l\u00e6gens tilladelse.<\/p>\n","protected":false},"excerpt":{"rendered":"<p>Efter en behandling er det naturligt, at kroppen begynder at reagere anderledes end du er vant til. Disse reaktioner er signaler om, at kroppen er begyndt at arbejde p\u00e5 at genoprette sine normale funktioner. Midlertidig opblussen af sygdommen og evt. gamle &#8220;skavanker&#8221;. S\u00f8rg for at hvile meget, og drik rigeligt med vand (gerne kogt), s\u00e5 [&hellip;]<\/p>\n","protected":false},"author":1,"featured_media":0,"parent":0,"menu_order":0,"comment_status":"closed","ping_status":"closed","template":"","meta":{"footnotes":""},"_links":{"self":[{"href":"http:\/\/miethide.dk\/index.php?rest_route=\/wp\/v2\/pages\/45"}],"collection":[{"href":"http:\/\/miethide.dk\/index.php?rest_route=\/wp\/v2\/pages"}],"about":[{"href":"http:\/\/miethide.dk\/index.php?rest_route=\/wp\/v2\/types\/page"}],"author":[{"embeddable":true,"href":"http:\/\/miethide.dk\/index.php?rest_route=\/wp\/v2\/users\/1"}],"replies":[{"embeddable":true,"href":"http:\/\/miethide.dk\/index.php?rest_route=%2Fwp%2Fv2%2Fcomments&post=45"}],"version-history":[{"count":1,"href":"http:\/\/miethide.dk\/index.php?rest_route=\/wp\/v2\/pages\/45\/revisions"}],"predecessor-version":[{"id":46,"href":"http:\/\/miethide.dk\/index.php?rest_route=\/wp\/v2\/pages\/45\/revisions\/46"}],"wp:attachment":[{"href":"http:\/\/miethide.dk\/index.php?rest_route=%2Fwp%2Fv2%2Fmedia&parent=45"}],"curies":[{"name":"wp","href":"https:\/\/api.w.org\/{rel}","templated":true}]}}