{"id":48,"date":"2022-11-26T19:33:13","date_gmt":"2022-11-26T19:33:13","guid":{"rendered":"https:\/\/miethide.dk\/?page_id=48"},"modified":"2022-11-26T19:33:13","modified_gmt":"2022-11-26T19:33:13","slug":"rygestop","status":"publish","type":"page","link":"http:\/\/miethide.dk\/?page_id=48","title":{"rendered":"Rygestop"},"content":{"rendered":"\n<p>Ved&nbsp;Rygestop, benytter jeg n\u00e5le eller magneter (efter aftale) til nogle akupunktur og reflex-zone punkter i \u00f8ret.<\/p>\n\n\n\n<p>Derudover anbefaler jeg ved&nbsp;Rygestop&nbsp;at man l\u00e6ser bogen &#8220;R\u00f8gfri&#8221; af Jan Geurtz. Denne kombination af \u00f8re-akupunktur til at tager abstinenserne og bogen der giver forst\u00e5elsen af afh\u00e6ngighedens v\u00e6sen. G\u00f8r det efter min og andre eks. rygers mening, nemmer at stoppe.&nbsp;<br>Jeg stoppet selv i starten af 2006 vha. denne metode, efter 30 \u00e5rs afh\u00e6ngighed. Desuden kan n\u00e6vnes at Jan Geurtz forklarer b\u00e5de sjovt og underholdende i bogen.<\/p>\n","protected":false},"excerpt":{"rendered":"<p>Ved&nbsp;Rygestop, benytter jeg n\u00e5le eller magneter (efter aftale) til nogle akupunktur og reflex-zone punkter i \u00f8ret. Derudover anbefaler jeg ved&nbsp;Rygestop&nbsp;at man l\u00e6ser bogen &#8220;R\u00f8gfri&#8221; af Jan Geurtz. Denne kombination af \u00f8re-akupunktur til at tager abstinenserne og bogen der giver forst\u00e5elsen af afh\u00e6ngighedens v\u00e6sen. G\u00f8r det efter min og andre eks. rygers mening, nemmer at stoppe.&nbsp;Jeg [&hellip;]<\/p>\n","protected":false},"author":1,"featured_media":0,"parent":0,"menu_order":0,"comment_status":"closed","ping_status":"closed","template":"","meta":{"footnotes":""},"_links":{"self":[{"href":"http:\/\/miethide.dk\/index.php?rest_route=\/wp\/v2\/pages\/48"}],"collection":[{"href":"http:\/\/miethide.dk\/index.php?rest_route=\/wp\/v2\/pages"}],"about":[{"href":"http:\/\/miethide.dk\/index.php?rest_route=\/wp\/v2\/types\/page"}],"author":[{"embeddable":true,"href":"http:\/\/miethide.dk\/index.php?rest_route=\/wp\/v2\/users\/1"}],"replies":[{"embeddable":true,"href":"http:\/\/miethide.dk\/index.php?rest_route=%2Fwp%2Fv2%2Fcomments&post=48"}],"version-history":[{"count":1,"href":"http:\/\/miethide.dk\/index.php?rest_route=\/wp\/v2\/pages\/48\/revisions"}],"predecessor-version":[{"id":49,"href":"http:\/\/miethide.dk\/index.php?rest_route=\/wp\/v2\/pages\/48\/revisions\/49"}],"wp:attachment":[{"href":"http:\/\/miethide.dk\/index.php?rest_route=%2Fwp%2Fv2%2Fmedia&parent=48"}],"curies":[{"name":"wp","href":"https:\/\/api.w.org\/{rel}","templated":true}]}}