{"id":5,"date":"2022-11-26T18:58:58","date_gmt":"2022-11-26T18:58:58","guid":{"rendered":"https:\/\/miethide.dk\/?page_id=5"},"modified":"2022-11-26T19:54:47","modified_gmt":"2022-11-26T19:54:47","slug":"zoneterapi-terapi","status":"publish","type":"page","link":"http:\/\/miethide.dk\/","title":{"rendered":"Velkommen"},"content":{"rendered":"\n<figure class=\"wp-block-image size-large\"><img loading=\"lazy\" decoding=\"async\" width=\"1024\" height=\"768\" src=\"https:\/\/miethide.dk\/wp-content\/uploads\/2022\/11\/P6250007-1024x768.jpg\" alt=\"\" class=\"wp-image-7\" srcset=\"http:\/\/miethide.dk\/wp-content\/uploads\/2022\/11\/P6250007-1024x768.jpg 1024w, http:\/\/miethide.dk\/wp-content\/uploads\/2022\/11\/P6250007-300x225.jpg 300w, http:\/\/miethide.dk\/wp-content\/uploads\/2022\/11\/P6250007-768x576.jpg 768w, http:\/\/miethide.dk\/wp-content\/uploads\/2022\/11\/P6250007-1536x1152.jpg 1536w, http:\/\/miethide.dk\/wp-content\/uploads\/2022\/11\/P6250007-2048x1536.jpg 2048w\" sizes=\"(max-width: 1024px) 100vw, 1024px\" \/><\/figure>\n\n\n\n<p>Jeg har besk\u00e6ftiget mig med alternative behandling fra starten af firserne og har igennem \u00e5rene erfaret at de fleste ubalancer (gener\/problemer) hurtigst bliver rettet op, n\u00e5r jeg kombinere&nbsp;Traditionel Kinesisk Zoneterapi, \u00d8re-\/&nbsp;Akupunktur&nbsp;og Kranio-Sacral Zoneterapi&nbsp;og indimellem&nbsp;supplerer med andre alternative behandlingsformer. Det&nbsp;kan v\u00e6re Triggerpunkt-terapi, METAsundhed (Metamedicin), Tanke felt terapi (TFT\/EFT), TAT, Bachs blomsterremedier, kosttilskud&nbsp;og&nbsp;kostvejledning.&nbsp;Vi finder sammen ud af hvad du har behov for og hvor meget du \u00f8nsker at g\u00e5 i dybden, det er jo ikke altid n\u00f8dvendigt at skyde gr\u00e5spurve med kanonkugler.<\/p>\n\n\n\n<h2 class=\"wp-block-heading\"><strong>S\u00c5DAN FOREG\u00c5R BEHANDLINGEN.<\/strong><\/h2>\n\n\n\n<p>Du s\u00e6tter dig i relaxstolen (l\u00e6nestol med indbygget fodskammel) og jeg starter behandlingen med&nbsp;Kranio-Sacral Zoneterapi Terapi,&nbsp;det er en blid massage af f\u00f8dderne, der n\u00e6nsomt hj\u00e6lper dit bev\u00e6gelsesapparat p\u00e5 plads og samtidig finder jeg evt. \u00f8mme reflekszoner. De \u00f8mme reflekszoner indikerer ubalancer i de tilh\u00f8rende organer og disse ubalancer behandler jeg med Traditionel Kinesisk Zoneterapi og \u00d8re-\/Akupunktur. Den&nbsp;Traditionel Kinesisk Zoneterapi&nbsp;best\u00e5r af faste tryk og massage p\u00e5 aktuelle refleks zoner, ved behandling af akupunkturpunkter brug jeg magneter, fingertryk\/akutryk og kun efter aftale n\u00e5le. N\u00e5r der er behov for det, afslutter jeg behandlingen med \u00f8reakupunktur, hvor jeg benytter magneter eller perman\u00e5le.<\/p>\n\n\n\n<p><strong>M\u00e5let er at f\u00e5 din krop til at hele sig selv, n\u00e5r kroppen har den energi og de \u201dbyggestene\u201d den har brug for, er det utroligt hvad den kan reparerer.<\/strong><\/p>\n\n\n\n<p>Jeg har gode resultater med eksempelvis;&nbsp;smerter i bev\u00e6gelsesapparatet, fertilitets problemer\/barnl\u00f8shed, stress, angst, migr\u00e6ne, fibromyalgi, depression, kronisk tr\u00e6thedssyndrom, piskesm\u00e6ld, rygestop, ford\u00f8jelsesproblemer\/forstoppelse, gigt og fobier.<\/p>\n\n\n\n<p>Men det er faktisk ikke sygdomme eller gener, metoden behandler \u2014&nbsp;den afbalancerer de ubalancer der forsager dem&nbsp;\u2014, s\u00e5 er dit problem ikke lige n\u00e6vnt, s\u00e5 t\u00f8v ikke med at sp\u00f8rge mig om det er noget jeg har erfaring med.<\/p>\n\n\n\n<p>En behandling tager 1 \u2014 1\u00bd time, se&nbsp;Pris\/Klinik&nbsp;i menuen.<\/p>\n\n\n\n<p>For en uddybning af de forskellige behandlings typer, se&nbsp;Uddybning&nbsp;i menuen.<\/p>\n\n\n\n<p>Rygestop, se i menuen.<\/p>\n\n\n","protected":false},"excerpt":{"rendered":"<p>Jeg har besk\u00e6ftiget mig med alternative behandling fra starten af firserne og har igennem \u00e5rene erfaret at de fleste ubalancer (gener\/problemer) hurtigst bliver rettet op, n\u00e5r jeg kombinere&nbsp;Traditionel Kinesisk Zoneterapi, \u00d8re-\/&nbsp;Akupunktur&nbsp;og Kranio-Sacral Zoneterapi&nbsp;og indimellem&nbsp;supplerer med andre alternative behandlingsformer. Det&nbsp;kan v\u00e6re Triggerpunkt-terapi, METAsundhed (Metamedicin), Tanke felt terapi (TFT\/EFT), TAT, Bachs blomsterremedier, kosttilskud&nbsp;og&nbsp;kostvejledning.&nbsp;Vi finder sammen ud af [&hellip;]<\/p>\n","protected":false},"author":1,"featured_media":0,"parent":0,"menu_order":0,"comment_status":"closed","ping_status":"closed","template":"","meta":{"footnotes":""},"_links":{"self":[{"href":"http:\/\/miethide.dk\/index.php?rest_route=\/wp\/v2\/pages\/5"}],"collection":[{"href":"http:\/\/miethide.dk\/index.php?rest_route=\/wp\/v2\/pages"}],"about":[{"href":"http:\/\/miethide.dk\/index.php?rest_route=\/wp\/v2\/types\/page"}],"author":[{"embeddable":true,"href":"http:\/\/miethide.dk\/index.php?rest_route=\/wp\/v2\/users\/1"}],"replies":[{"embeddable":true,"href":"http:\/\/miethide.dk\/index.php?rest_route=%2Fwp%2Fv2%2Fcomments&post=5"}],"version-history":[{"count":4,"href":"http:\/\/miethide.dk\/index.php?rest_route=\/wp\/v2\/pages\/5\/revisions"}],"predecessor-version":[{"id":76,"href":"http:\/\/miethide.dk\/index.php?rest_route=\/wp\/v2\/pages\/5\/revisions\/76"}],"wp:attachment":[{"href":"http:\/\/miethide.dk\/index.php?rest_route=%2Fwp%2Fv2%2Fmedia&parent=5"}],"curies":[{"name":"wp","href":"https:\/\/api.w.org\/{rel}","templated":true}]}}