{"id":51,"date":"2022-11-26T19:35:50","date_gmt":"2022-11-26T19:35:50","guid":{"rendered":"https:\/\/miethide.dk\/?page_id=51"},"modified":"2022-11-26T19:35:50","modified_gmt":"2022-11-26T19:35:50","slug":"uddybning","status":"publish","type":"page","link":"http:\/\/miethide.dk\/?page_id=51","title":{"rendered":"Uddybning"},"content":{"rendered":"\n<p>F\u00f8rst p\u00e5 side handler det om&nbsp;Zoneterapi, dern\u00e6st om&nbsp;Akupunktur&nbsp;og siden om&nbsp;Kranio-Sakral Zoneterapi, nederst p\u00e5 siden&nbsp;Appetitregulering<\/p>\n\n\n\n<h2 class=\"wp-block-heading\"><strong>HVAD ER ZONETERAPI<\/strong><\/h2>\n\n\n\n<p>Zoneterapi er en mere end 5.000 \u00e5r gammel alternativ behandlingsform og er som behandlingsform godkendt af sundhedsstyrelsen. Zoneterapien er alts\u00e5 praktiseret siden oldtiden, men hvor i verden den begyndte vides ikke med sikkerhed. I starten af dette \u00e5rhundrede blev zoneterapien genopdaget af amerikaneren Dr. William H. Fitzgerald, som p\u00e5 baggrund af sin forskning kortlagde kroppens reflex-zoner.&nbsp;<br>Den Traditionelle Kinesiske Zoneterapi bygger p\u00e5 samme principper som akupunktur, hvor man arbejder med meridiansystemet og er baseret p\u00e5 at f\u00f8dderne har reflex-omr\u00e5der som svarer til hver enkelt del af menneskelegemet.&nbsp;<br>Organer, knogler, muskler og nervesystem er alle repr\u00e6senteret i det man kalder en reflex-zone, hver del af kroppen har en zone p\u00e5 f\u00f8dderne. Hvis der er \u00f8mhed i en reflex-zone h\u00e6nger det ofte sammen med, at en del af kroppen ikke fungerer optimalt. Ved at p\u00e5virke reflex-zonerne med specielle trykkombinationer, kan organerne og det centrale nervesystem p\u00e5virkes, for at genoprette balancen i kroppen og derved give bedre funktion og velv\u00e6re.&nbsp;<br>Jeg arbejder ud fra den Traditionelle Kinesiske Zoneterapi (kinesiske filosofi og diagnosemodel). Men der er ogs\u00e5 en vestlige tradition, i den fokuserer zoneterapeuten p\u00e5 enkeltfunktioner i kroppen s\u00e5som hovedpine, forstoppelse o.l. I den&nbsp;Traditionelle Kinesiske Zoneterapi &#8211; TKZ\u00a9&nbsp;&#8211; k\u00e6der man symptomerne sammen med organernes funktioner og sp\u00f8rger f.eks. til klientens ford\u00f8jelse, vandladning og spisevaner m.m., hvorefter man kan danne sig et helhedsbillede af klientens tilstand og ud fra det rette ubalancer op.<\/p>\n\n\n\n<p>De fleste sygdomme kan p\u00e5virkes med zoneterapi og mange kan afhj\u00e6lpes helt. Zoneterapi kan ogs\u00e5 bruges til at vedligeholde et godt helbred.<\/p>\n\n\n\n<h2 class=\"wp-block-heading\"><strong>OM TRADITIONEL KINESISK ZONETERAPI \u2014TKZ -.<\/strong><\/h2>\n\n\n\n<p>TKZ bygger ligesom den mere kendte krops\/n\u00e5le-akupunktur p\u00e5 Traditionel Kinesisk Medicin \/sygdomsl\u00e6re.&nbsp;<br>Ud fra de flere tusinder \u00e5r gamle principper, vurderes hvilke akupunktur-punkter og refleks-zoner, der skal behandles,&nbsp;for at kroppen kan genoprette sin balance, og derved fungerer optimalt.<\/p>\n\n\n\n<p>I TKZ behandles aktuelle akupunktur-punkter (p\u00e5 kroppen) + refleks-zoner p\u00e5 og under f\u00f8dderne. (Refleks-zoner findes ogs\u00e5 p\u00e5 h\u00e6nder, \u00f8re og ansigt).&nbsp;<br>Til p\u00e5virkning af akupunktur-punkter kan der benyttes n\u00e5le, laser, varme (moxa), vakuum, el\/str\u00f8m eller akupressur (fingertryk).&nbsp;<br>Jeg benytter, hvis ikke andet aftales, akupressur. Denne metode er ogs\u00e5 velegnet til b\u00f8rn.<\/p>\n\n\n\n<h2 class=\"wp-block-heading\"><strong>TKZ, LIDT MERE UDDYBET<\/strong><\/h2>\n\n\n\n<p>TKZ bygger ligesom den mere kendte (n\u00e5le) akupunktur p\u00e5 Kinesisk sygdomsl\u00e6re \/ Traditionel Kinesisk Medicin (TKM),&nbsp;<br>n\u00e5lene er i TKZ erstattet med tryk p\u00e5 aktuelle aku-punkter p\u00e5 kroppen, og behandler desuden refleks-zoner p\u00e5 og under f\u00f8dderne,&nbsp;<br>derfor er TKZ ogs\u00e5 velegnet til b\u00f8rn.&nbsp;<br>TKZ har en gavnlig effekt p\u00e5 n\u00e6sten alle gen\u00e8r, f.eks. muskel og ledsmerter inkl. ryg problemer, uens ben l\u00e6ngde, gigt, diverse typer hovedpine, problemer i \/ med ford\u00f8jelseskanalen inkl. kolik m.m.<\/p>\n\n\n\n<p>TKZ fjerner b\u00e5de nye og gamle symptomer, sammen med \u00e5rsagen<\/p>\n\n\n\n<p>TKZ kan ogs\u00e5 benyttes til at vedligeholde kroppen og modvirke slidtage.<\/p>\n\n\n\n<p>TKZ er ufarlig og uden bivirkninger.<\/p>\n\n\n\n<p>T<\/p>\n","protected":false},"excerpt":{"rendered":"<p>F\u00f8rst p\u00e5 side handler det om&nbsp;Zoneterapi, dern\u00e6st om&nbsp;Akupunktur&nbsp;og siden om&nbsp;Kranio-Sakral Zoneterapi, nederst p\u00e5 siden&nbsp;Appetitregulering HVAD ER ZONETERAPI Zoneterapi er en mere end 5.000 \u00e5r gammel alternativ behandlingsform og er som behandlingsform godkendt af sundhedsstyrelsen. Zoneterapien er alts\u00e5 praktiseret siden oldtiden, men hvor i verden den begyndte vides ikke med sikkerhed. I starten af dette \u00e5rhundrede [&hellip;]<\/p>\n","protected":false},"author":1,"featured_media":0,"parent":0,"menu_order":0,"comment_status":"closed","ping_status":"closed","template":"","meta":{"footnotes":""},"_links":{"self":[{"href":"http:\/\/miethide.dk\/index.php?rest_route=\/wp\/v2\/pages\/51"}],"collection":[{"href":"http:\/\/miethide.dk\/index.php?rest_route=\/wp\/v2\/pages"}],"about":[{"href":"http:\/\/miethide.dk\/index.php?rest_route=\/wp\/v2\/types\/page"}],"author":[{"embeddable":true,"href":"http:\/\/miethide.dk\/index.php?rest_route=\/wp\/v2\/users\/1"}],"replies":[{"embeddable":true,"href":"http:\/\/miethide.dk\/index.php?rest_route=%2Fwp%2Fv2%2Fcomments&post=51"}],"version-history":[{"count":1,"href":"http:\/\/miethide.dk\/index.php?rest_route=\/wp\/v2\/pages\/51\/revisions"}],"predecessor-version":[{"id":52,"href":"http:\/\/miethide.dk\/index.php?rest_route=\/wp\/v2\/pages\/51\/revisions\/52"}],"wp:attachment":[{"href":"http:\/\/miethide.dk\/index.php?rest_route=%2Fwp%2Fv2%2Fmedia&parent=51"}],"curies":[{"name":"wp","href":"https:\/\/api.w.org\/{rel}","templated":true}]}}